{"id":1079,"date":"2019-11-16T08:54:44","date_gmt":"2019-11-16T07:54:44","guid":{"rendered":"https:\/\/www.c-itrone.com\/?page_id=1079"},"modified":"2025-05-12T10:15:34","modified_gmt":"2025-05-12T08:15:34","slug":"anleitung","status":"publish","type":"page","link":"https:\/\/schroepfen.c-itrone.com\/index.php\/anleitung\/","title":{"rendered":"Anleitung"},"content":{"rendered":"\n[et_pb_section fb_built=&#8220;1&#8243; admin_label=&#8220;Header&#8220; _builder_version=&#8220;4.27.4&#8243; _module_preset=&#8220;default&#8220; custom_padding=&#8220;60px||80px|||&#8220; collapsed=&#8220;on&#8220; global_colors_info=&#8220;{}&#8220; custom_padding_last_edited=&#8220;on|phone&#8220; custom_padding_phone=&#8220;40px||20px||false|false&#8220; sticky_enabled=&#8220;0&#8243; background_image=&#8220;https:\/\/schroepfen.c-itrone.com\/wp-content\/uploads\/2025\/05\/C-ITRONE-Schroepfgeraet-fuer-Pferde-Hunde-Schroepfen-2.jpg&#8220; custom_padding_tablet=&#8220;60px||80px|||&#8220;][et_pb_row column_structure=&#8220;3_5,2_5&#8243; _builder_version=&#8220;4.24.0&#8243; _module_preset=&#8220;default&#8220; max_width=&#8220;1280px&#8220; custom_padding=&#8220;0px||0px|||&#8220; global_colors_info=&#8220;{}&#8220;][et_pb_column type=&#8220;3_5&#8243; _builder_version=&#8220;4.21.0&#8243; _module_preset=&#8220;default&#8220; global_colors_info=&#8220;{}&#8220;][et_pb_text _builder_version=&#8220;4.24.0&#8243; _module_preset=&#8220;_initial&#8220; header_font=&#8220;Saturday Lovin||||||||&#8220; header_text_color=&#8220;#FFFFFF&#8220; header_font_size=&#8220;90px&#8220; header_line_height=&#8220;1.2em&#8220; custom_margin=&#8220;0px||18px||false|false&#8220; header_font_size_tablet=&#8220;70px&#8220; header_font_size_phone=&#8220;50px&#8220; header_font_size_last_edited=&#8220;on|phone&#8220; locked=&#8220;off&#8220; global_colors_info=&#8220;{}&#8220;]<h1>Anleitung<\/h1>[\/et_pb_text][et_pb_text _builder_version=&#8220;4.24.0&#8243; _module_preset=&#8220;_initial&#8220; header_font=&#8220;Orbitron|700||on|||||&#8220; header_text_color=&#8220;#FFFFFF&#8220; header_font_size=&#8220;45px&#8220; header_line_height=&#8220;1.2em&#8220; custom_margin=&#8220;||0px||false|false&#8220; header_font_size_tablet=&#8220;40px&#8220; header_font_size_phone=&#8220;25px&#8220; header_font_size_last_edited=&#8220;on|phone&#8220; global_colors_info=&#8220;{}&#8220;]<h1>Gebrauchs&shy;anweisung<\/h1>[\/et_pb_text][et_pb_text _builder_version=&#8220;4.24.0&#8243; _module_preset=&#8220;_initial&#8220; text_font=&#8220;Cabin||||||||&#8220; text_text_color=&#8220;#FFFFFF&#8220; text_font_size=&#8220;18px&#8220; text_line_height=&#8220;1.8em&#8220; text_font_size_tablet=&#8220;16px&#8220; text_font_size_phone=&#8220;14px&#8220; text_font_size_last_edited=&#8220;on|desktop&#8220; global_colors_info=&#8220;{}&#8220;]<p>Informationen zum C-itrone Schr\u00f6pfger\u00e4t und dessen Anwendung.<\/p>[\/et_pb_text][\/et_pb_column][et_pb_column type=&#8220;2_5&#8243; _builder_version=&#8220;4.21.0&#8243; _module_preset=&#8220;default&#8220; global_colors_info=&#8220;{}&#8220;][\/et_pb_column][\/et_pb_row][\/et_pb_section][et_pb_section fb_built=&#8220;1&#8243; admin_label=&#8220;Video&#8220; _builder_version=&#8220;4.24.0&#8243; _module_preset=&#8220;default&#8220; background_color=&#8220;#f4f4f4&#8243; custom_padding=&#8220;80px||80px|||&#8220; collapsed=&#8220;on&#8220; global_colors_info=&#8220;{}&#8220;][et_pb_row _builder_version=&#8220;4.24.0&#8243; _module_preset=&#8220;default&#8220; max_width=&#8220;1280px&#8220; module_alignment=&#8220;center&#8220; custom_margin=&#8220;|auto||auto|false|false&#8220; custom_padding=&#8220;0px||0px|||&#8220; saved_tabs=&#8220;all&#8220; global_colors_info=&#8220;{}&#8220;][et_pb_column type=&#8220;4_4&#8243; _builder_version=&#8220;4.21.0&#8243; _module_preset=&#8220;default&#8220; global_colors_info=&#8220;{}&#8220;][et_pb_text _builder_version=&#8220;4.24.0&#8243; _module_preset=&#8220;_initial&#8220; header_4_font=&#8220;Cabin|700||on|||||&#8220; header_4_text_color=&#8220;gcid-52e8b489-b10c-41af-b3c4-a69642f2df1f&#8220; header_4_font_size=&#8220;15px&#8220; header_4_letter_spacing=&#8220;1px&#8220; header_4_line_height=&#8220;1.4em&#8220; text_orientation=&#8220;center&#8220; custom_margin=&#8220;||10px||false|false&#8220; global_colors_info=&#8220;{%22gcid-52e8b489-b10c-41af-b3c4-a69642f2df1f%22:%91%22header_4_text_color%22%93}&#8220;]<h4>PDF downloaden<\/h4>[\/et_pb_text][et_pb_text _builder_version=&#8220;4.27.4&#8243; _module_preset=&#8220;_initial&#8220; header_3_font=&#8220;Orbitron|700||on|||||&#8220; header_3_text_color=&#8220;gcid-46e0c651-8174-4624-9c5e-03e8d17cf99a&#8220; header_3_font_size=&#8220;40px&#8220; header_3_line_height=&#8220;1.2em&#8220; text_orientation=&#8220;center&#8220; width=&#8220;90%&#8220; width_tablet=&#8220;99%&#8220; width_phone=&#8220;100%&#8220; width_last_edited=&#8220;on|phone&#8220; module_alignment=&#8220;center&#8220; custom_margin=&#8220;||0px||false|false&#8220; header_3_font_size_tablet=&#8220;30px&#8220; header_3_font_size_phone=&#8220;20px&#8220; header_3_font_size_last_edited=&#8220;on|phone&#8220; global_colors_info=&#8220;{%22gcid-46e0c651-8174-4624-9c5e-03e8d17cf99a%22:%91%22header_3_text_color%22,%22header_3_text_color%22%93}&#8220;]<h3>Alle Infos zum Ger\u00e4t &amp; zur Anwendung<\/h3>[\/et_pb_text][et_pb_text _builder_version=&#8220;4.27.4&#8243; _module_preset=&#8220;_initial&#8220; text_font=&#8220;Cabin||||||||&#8220; text_text_color=&#8220;gcid-46e0c651-8174-4624-9c5e-03e8d17cf99a&#8220; text_font_size=&#8220;16px&#8220; text_line_height=&#8220;1.8em&#8220; link_font=&#8220;||||on|||gcid-b89def27-0dba-420f-a427-2325263c0b66|&#8220; link_text_color=&#8220;gcid-b89def27-0dba-420f-a427-2325263c0b66&#8243; text_orientation=&#8220;center&#8220; text_font_size_tablet=&#8220;15px&#8220; text_font_size_phone=&#8220;14px&#8220; text_font_size_last_edited=&#8220;on|phone&#8220; global_colors_info=&#8220;{%22gcid-46e0c651-8174-4624-9c5e-03e8d17cf99a%22:%91%22text_text_color%22%93,%22gcid-b89def27-0dba-420f-a427-2325263c0b66%22:%91%22link_text_color%22%93}&#8220;]<p>Sollten Sie Unklarheiten oder Fragen haben, z\u00f6gern Sie nicht uns zu <a href=\"\/index.php\/kontakt\" target=\"_blank\" rel=\"noopener\">kontaktieren<\/a>. Wir beraten Sie gerne individuell zu unseren Produkten.<\/p>[\/et_pb_text][et_pb_button button_url=&#8220;https:\/\/schroepfen.c-itrone.com\/wp-content\/uploads\/2025\/05\/Gebrauchsanweisung_050723.pdf&#8220; url_new_window=&#8220;on&#8220; button_text=&#8220;Gebrauchsanweisung&#8220; button_alignment=&#8220;center&#8220; _builder_version=&#8220;4.27.4&#8243; _module_preset=&#8220;_initial&#8220; custom_button=&#8220;on&#8220; button_text_size=&#8220;14px&#8220; button_text_color=&#8220;#FFFFFF&#8220; button_bg_color=&#8220;gcid-348de14e-e94b-4721-b757-8f708a850687&#8243; button_border_width=&#8220;0px&#8220; button_border_radius=&#8220;10px&#8220; button_font=&#8220;Montserrat|700||on|||||&#8220; button_use_icon=&#8220;off&#8220; custom_margin=&#8220;||||false|true&#8220; custom_padding=&#8220;16px|40px|16px|40px|true|true&#8220; locked=&#8220;off&#8220; global_colors_info=&#8220;{%22gcid-52e8b489-b10c-41af-b3c4-a69642f2df1f%22:%91%22button_text_color__hover%22,%22button_text_color__hover%22%93,%22gcid-348de14e-e94b-4721-b757-8f708a850687%22:%91%22button_bg_color%22%93,%22gcid-b89def27-0dba-420f-a427-2325263c0b66%22:%91%22button_bg_color__hover%22%93}&#8220; button_bg_color__hover_enabled=&#8220;on|hover&#8220; button_bg_color__hover=&#8220;#ea631b&#8220; button_bg_enable_color__hover=&#8220;on&#8220; button_text_color__hover_enabled=&#8220;off|hover&#8220; button_text_color__hover=&#8220;#ea631b&#8220;][\/et_pb_button][\/et_pb_column][\/et_pb_row][\/et_pb_section][et_pb_section fb_built=&#8220;1&#8243; admin_label=&#8220;Top Categories&#8220; _builder_version=&#8220;4.21.0&#8243; _module_preset=&#8220;default&#8220; overflow-x=&#8220;hidden&#8220; overflow-y=&#8220;hidden&#8220; custom_padding=&#8220;59px||80px|||&#8220; collapsed=&#8220;on&#8220; global_colors_info=&#8220;{}&#8220;][et_pb_row _builder_version=&#8220;4.27.4&#8243; _module_preset=&#8220;default&#8220; max_width=&#8220;1280px&#8220; module_alignment=&#8220;center&#8220; custom_margin=&#8220;|auto||auto|false|false&#8220; custom_padding=&#8220;0px||0px|||&#8220; hover_enabled=&#8220;0&#8243; saved_tabs=&#8220;all&#8220; global_colors_info=&#8220;{}&#8220; sticky_enabled=&#8220;0&#8243;][et_pb_column type=&#8220;4_4&#8243; _builder_version=&#8220;4.21.0&#8243; _module_preset=&#8220;default&#8220; global_colors_info=&#8220;{}&#8220;][et_pb_text _builder_version=&#8220;4.24.0&#8243; _module_preset=&#8220;_initial&#8220; header_font=&#8220;Saturday Lovin||||||||&#8220; header_text_color=&#8220;gcid-52e8b489-b10c-41af-b3c4-a69642f2df1f&#8220; header_font_size=&#8220;80px&#8220; header_line_height=&#8220;1.2em&#8220; custom_margin=&#8220;0px||12px||false|false&#8220; custom_padding=&#8220;0px|||||&#8220; header_font_size_tablet=&#8220;50px&#8220; header_font_size_phone=&#8220;40px&#8220; header_font_size_last_edited=&#8220;on|phone&#8220; locked=&#8220;off&#8220; global_colors_info=&#8220;{%22gcid-52e8b489-b10c-41af-b3c4-a69642f2df1f%22:%91%22header_text_color%22,%22header_text_color%22%93}&#8220;]<h1 style=\"text-align: center;\">Sie haben Fragen?<\/h1>[\/et_pb_text][et_pb_text _builder_version=&#8220;4.27.4&#8243; _module_preset=&#8220;_initial&#8220; header_3_font=&#8220;Orbitron|700||on|||||&#8220; header_3_text_color=&#8220;gcid-46e0c651-8174-4624-9c5e-03e8d17cf99a&#8220; header_3_font_size=&#8220;40px&#8220; header_3_line_height=&#8220;1.2em&#8220; text_orientation=&#8220;center&#8220; module_alignment=&#8220;center&#8220; custom_margin=&#8220;||30px||false|false&#8220; hover_enabled=&#8220;0&#8243; header_3_font_size_tablet=&#8220;30px&#8220; header_3_font_size_phone=&#8220;20px&#8220; header_3_font_size_last_edited=&#8220;on|phone&#8220; global_colors_info=&#8220;{%22gcid-46e0c651-8174-4624-9c5e-03e8d17cf99a%22:%91%22header_3_text_color%22,%22header_3_text_color%22%93}&#8220; content_last_edited=&#8220;on|phone&#8220; sticky_enabled=&#8220;0&#8243; content_phone=&#8220;<h3 style=%22text-align: center;%22>Weitere Infos zu <br \/>C-itrone und unserem Schr\u00f6pfger\u00e4t<\/h3>&#8220; locked=&#8220;off&#8220; content_tablet=&#8220;<h3 style=%22text-align: center;%22>Kontaktieren Sie uns gerne.<\/h3>&#8222;]<h3 style=\"text-align: center;\">Kontaktieren Sie uns gerne.<\/h3>[\/et_pb_text][et_pb_button button_url=&#8220;\/index.php\/kontakt&#8220; button_text=&#8220;Zum Kontakt&#8220; button_alignment=&#8220;center&#8220; _builder_version=&#8220;4.27.4&#8243; _module_preset=&#8220;_initial&#8220; custom_button=&#8220;on&#8220; button_text_size=&#8220;14px&#8220; button_text_color=&#8220;#FFFFFF&#8220; button_bg_color=&#8220;gcid-52e8b489-b10c-41af-b3c4-a69642f2df1f&#8220; button_border_width=&#8220;0px&#8220; button_border_radius=&#8220;10px&#8220; button_font=&#8220;Montserrat|700||on|||||&#8220; button_use_icon=&#8220;off&#8220; custom_margin=&#8220;||||false|true&#8220; custom_padding=&#8220;16px|40px|16px|40px|true|true&#8220; hover_enabled=&#8220;0&#8243; locked=&#8220;off&#8220; global_colors_info=&#8220;{%22gcid-52e8b489-b10c-41af-b3c4-a69642f2df1f%22:%91%22button_bg_color%22,%22button_text_color__hover%22,%22button_bg_color%22,%22button_text_color__hover%22%93,%22gcid-348de14e-e94b-4721-b757-8f708a850687%22:%91%22button_bg_color__hover%22%93}&#8220; button_bg_color__hover_enabled=&#8220;on|hover&#8220; button_bg_color__hover=&#8220;#0f3752&#8243; button_bg_enable_color__hover=&#8220;on&#8220; button_text_color__hover_enabled=&#8220;off|hover&#8220; button_text_color__hover=&#8220;#ea631b&#8220; sticky_enabled=&#8220;0&#8243;][\/et_pb_button][\/et_pb_column][\/et_pb_row][\/et_pb_section]\n","protected":false},"excerpt":{"rendered":"<p>AnleitungGebrauchs&shy;anweisungInformationen zum C-itrone Schr\u00f6pfger\u00e4t und dessen Anwendung.PDF downloadenAlle Infos zum Ger\u00e4t &amp; zur AnwendungSollten Sie Unklarheiten oder Fragen haben, z\u00f6gern Sie nicht uns zu kontaktieren. Wir beraten Sie gerne individuell zu unseren Produkten.Sie haben Fragen?Kontaktieren Sie uns gerne.<\/p>\n","protected":false},"author":1,"featured_media":0,"parent":0,"menu_order":0,"comment_status":"closed","ping_status":"closed","template":"","meta":{"_et_pb_use_builder":"on","_et_pb_old_content":"[cs_content][cs_element_section _id=\"1\" ][cs_element_row _id=\"2\" ][cs_element_column _id=\"3\" ][x_image type=\"none\" src=\"https:\/\/schroepfen.c-itrone.com\/wp-content\/uploads\/2023\/06\/08AFFDC8-6EE1-456F-96B4-A8C5973FE593.jpeg\" alt=\"\" link=\"false\" href=\"#\" title=\"\" target=\"\" info=\"none\" info_place=\"top\" info_trigger=\"hover\" info_content=\"\"][\/cs_element_column][cs_element_column _id=\"5\" ][cs_element_button _id=\"6\" ][cs_element_button _id=\"7\" ][\/cs_element_column][\/cs_element_row][\/cs_element_section][\/cs_content]","_et_gb_content_width":"","footnotes":""},"class_list":["post-1079","page","type-page","status-publish","hentry"],"yoast_head":"<!-- This site is optimized with the Yoast SEO plugin v25.2 - https:\/\/yoast.com\/wordpress\/plugins\/seo\/ -->\n<title>Anleitung - C-ITRONE<\/title>\n<meta name=\"description\" content=\"C-Itrone Schr\u00f6pftherapie f\u00fcr Pferde &amp; Hunde | Christian &amp; Jacky Danner | Schr\u00f6pfger\u00e4t kaufen | Pferdetherapie | Hundetherapie | Deutschland\" \/>\n<meta name=\"robots\" content=\"index, follow, max-snippet:-1, max-image-preview:large, max-video-preview:-1\" \/>\n<link rel=\"canonical\" href=\"https:\/\/schroepfen.c-itrone.com\/index.php\/anleitung\/\" \/>\n<meta property=\"og:locale\" content=\"de_DE\" \/>\n<meta property=\"og:type\" content=\"article\" \/>\n<meta property=\"og:title\" content=\"Anleitung - C-ITRONE\" \/>\n<meta property=\"og:description\" content=\"C-Itrone Schr\u00f6pftherapie f\u00fcr Pferde &amp; Hunde | Christian &amp; Jacky Danner | Schr\u00f6pfger\u00e4t kaufen | Pferdetherapie | Hundetherapie | Deutschland\" \/>\n<meta property=\"og:url\" content=\"https:\/\/schroepfen.c-itrone.com\/index.php\/anleitung\/\" \/>\n<meta property=\"og:site_name\" content=\"C-ITRONE\" \/>\n<meta property=\"article:modified_time\" content=\"2025-05-12T08:15:34+00:00\" \/>\n<meta property=\"og:image\" content=\"https:\/\/schroepfen.c-itrone.com\/wp-content\/uploads\/2025\/05\/C-TRONE-Linkbild.jpg\" \/>\n\t<meta property=\"og:image:width\" content=\"1920\" \/>\n\t<meta property=\"og:image:height\" content=\"1080\" \/>\n\t<meta property=\"og:image:type\" content=\"image\/jpeg\" \/>\n<meta name=\"twitter:card\" content=\"summary_large_image\" \/>\n<meta name=\"twitter:label1\" content=\"Gesch\u00e4tzte Lesezeit\" \/>\n\t<meta name=\"twitter:data1\" content=\"1\u00a0Minute\" \/>\n<script type=\"application\/ld+json\" class=\"yoast-schema-graph\">{\"@context\":\"https:\/\/schema.org\",\"@graph\":[{\"@type\":\"WebPage\",\"@id\":\"https:\/\/schroepfen.c-itrone.com\/index.php\/anleitung\/\",\"url\":\"https:\/\/schroepfen.c-itrone.com\/index.php\/anleitung\/\",\"name\":\"Anleitung - C-ITRONE\",\"isPartOf\":{\"@id\":\"https:\/\/schroepfen.c-itrone.com\/#website\"},\"datePublished\":\"2019-11-16T07:54:44+00:00\",\"dateModified\":\"2025-05-12T08:15:34+00:00\",\"description\":\"C-Itrone Schr\u00f6pftherapie f\u00fcr Pferde & Hunde | Christian & Jacky Danner | Schr\u00f6pfger\u00e4t kaufen | Pferdetherapie | Hundetherapie | Deutschland\",\"breadcrumb\":{\"@id\":\"https:\/\/schroepfen.c-itrone.com\/index.php\/anleitung\/#breadcrumb\"},\"inLanguage\":\"de\",\"potentialAction\":[{\"@type\":\"ReadAction\",\"target\":[\"https:\/\/schroepfen.c-itrone.com\/index.php\/anleitung\/\"]}]},{\"@type\":\"BreadcrumbList\",\"@id\":\"https:\/\/schroepfen.c-itrone.com\/index.php\/anleitung\/#breadcrumb\",\"itemListElement\":[{\"@type\":\"ListItem\",\"position\":1,\"name\":\"Startseite\",\"item\":\"https:\/\/schroepfen.c-itrone.com\/\"},{\"@type\":\"ListItem\",\"position\":2,\"name\":\"Anleitung\"}]},{\"@type\":\"WebSite\",\"@id\":\"https:\/\/schroepfen.c-itrone.com\/#website\",\"url\":\"https:\/\/schroepfen.c-itrone.com\/\",\"name\":\"C-ITRONE\",\"description\":\"Schr\u00f6pfger\u00e4t f\u00fcr Pferde und Hunde\",\"potentialAction\":[{\"@type\":\"SearchAction\",\"target\":{\"@type\":\"EntryPoint\",\"urlTemplate\":\"https:\/\/schroepfen.c-itrone.com\/?s={search_term_string}\"},\"query-input\":{\"@type\":\"PropertyValueSpecification\",\"valueRequired\":true,\"valueName\":\"search_term_string\"}}],\"inLanguage\":\"de\"}]}<\/script>\n<!-- \/ Yoast SEO plugin. -->","yoast_head_json":{"title":"Anleitung - C-ITRONE","description":"C-Itrone Schr\u00f6pftherapie f\u00fcr Pferde & Hunde | Christian & Jacky Danner | Schr\u00f6pfger\u00e4t kaufen | Pferdetherapie | Hundetherapie | Deutschland","robots":{"index":"index","follow":"follow","max-snippet":"max-snippet:-1","max-image-preview":"max-image-preview:large","max-video-preview":"max-video-preview:-1"},"canonical":"https:\/\/schroepfen.c-itrone.com\/index.php\/anleitung\/","og_locale":"de_DE","og_type":"article","og_title":"Anleitung - C-ITRONE","og_description":"C-Itrone Schr\u00f6pftherapie f\u00fcr Pferde & Hunde | Christian & Jacky Danner | Schr\u00f6pfger\u00e4t kaufen | Pferdetherapie | Hundetherapie | Deutschland","og_url":"https:\/\/schroepfen.c-itrone.com\/index.php\/anleitung\/","og_site_name":"C-ITRONE","article_modified_time":"2025-05-12T08:15:34+00:00","og_image":[{"width":1920,"height":1080,"url":"https:\/\/schroepfen.c-itrone.com\/wp-content\/uploads\/2025\/05\/C-TRONE-Linkbild.jpg","type":"image\/jpeg"}],"twitter_card":"summary_large_image","twitter_misc":{"Gesch\u00e4tzte Lesezeit":"1\u00a0Minute"},"schema":{"@context":"https:\/\/schema.org","@graph":[{"@type":"WebPage","@id":"https:\/\/schroepfen.c-itrone.com\/index.php\/anleitung\/","url":"https:\/\/schroepfen.c-itrone.com\/index.php\/anleitung\/","name":"Anleitung - C-ITRONE","isPartOf":{"@id":"https:\/\/schroepfen.c-itrone.com\/#website"},"datePublished":"2019-11-16T07:54:44+00:00","dateModified":"2025-05-12T08:15:34+00:00","description":"C-Itrone Schr\u00f6pftherapie f\u00fcr Pferde & Hunde | Christian & Jacky Danner | Schr\u00f6pfger\u00e4t kaufen | Pferdetherapie | Hundetherapie | Deutschland","breadcrumb":{"@id":"https:\/\/schroepfen.c-itrone.com\/index.php\/anleitung\/#breadcrumb"},"inLanguage":"de","potentialAction":[{"@type":"ReadAction","target":["https:\/\/schroepfen.c-itrone.com\/index.php\/anleitung\/"]}]},{"@type":"BreadcrumbList","@id":"https:\/\/schroepfen.c-itrone.com\/index.php\/anleitung\/#breadcrumb","itemListElement":[{"@type":"ListItem","position":1,"name":"Startseite","item":"https:\/\/schroepfen.c-itrone.com\/"},{"@type":"ListItem","position":2,"name":"Anleitung"}]},{"@type":"WebSite","@id":"https:\/\/schroepfen.c-itrone.com\/#website","url":"https:\/\/schroepfen.c-itrone.com\/","name":"C-ITRONE","description":"Schr\u00f6pfger\u00e4t f\u00fcr Pferde und Hunde","potentialAction":[{"@type":"SearchAction","target":{"@type":"EntryPoint","urlTemplate":"https:\/\/schroepfen.c-itrone.com\/?s={search_term_string}"},"query-input":{"@type":"PropertyValueSpecification","valueRequired":true,"valueName":"search_term_string"}}],"inLanguage":"de"}]}},"_links":{"self":[{"href":"https:\/\/schroepfen.c-itrone.com\/index.php\/wp-json\/wp\/v2\/pages\/1079","targetHints":{"allow":["GET"]}}],"collection":[{"href":"https:\/\/schroepfen.c-itrone.com\/index.php\/wp-json\/wp\/v2\/pages"}],"about":[{"href":"https:\/\/schroepfen.c-itrone.com\/index.php\/wp-json\/wp\/v2\/types\/page"}],"author":[{"embeddable":true,"href":"https:\/\/schroepfen.c-itrone.com\/index.php\/wp-json\/wp\/v2\/users\/1"}],"replies":[{"embeddable":true,"href":"https:\/\/schroepfen.c-itrone.com\/index.php\/wp-json\/wp\/v2\/comments?post=1079"}],"version-history":[{"count":16,"href":"https:\/\/schroepfen.c-itrone.com\/index.php\/wp-json\/wp\/v2\/pages\/1079\/revisions"}],"predecessor-version":[{"id":11931,"href":"https:\/\/schroepfen.c-itrone.com\/index.php\/wp-json\/wp\/v2\/pages\/1079\/revisions\/11931"}],"wp:attachment":[{"href":"https:\/\/schroepfen.c-itrone.com\/index.php\/wp-json\/wp\/v2\/media?parent=1079"}],"curies":[{"name":"wp","href":"https:\/\/api.w.org\/{rel}","templated":true}]}}