{"id":11593,"date":"2025-05-07T15:29:36","date_gmt":"2025-05-07T13:29:36","guid":{"rendered":"https:\/\/schroepfen.c-itrone.com\/?page_id=11593"},"modified":"2025-05-12T10:28:35","modified_gmt":"2025-05-12T08:28:35","slug":"narbengewebe","status":"publish","type":"page","link":"https:\/\/schroepfen.c-itrone.com\/index.php\/narbengewebe\/","title":{"rendered":"Narbengewebe"},"content":{"rendered":"\n[et_pb_section fb_built=&#8220;1&#8243; admin_label=&#8220;Header&#8220; _builder_version=&#8220;4.27.4&#8243; _module_preset=&#8220;default&#8220; background_image=&#8220;https:\/\/schroepfen.c-itrone.com\/wp-content\/uploads\/2025\/05\/C-ITRONE-Schroepfgeraet-fuer-Pferde-Hunde-Schroepfen-2.jpg&#8220; custom_padding=&#8220;60px||80px|||&#8220; hover_enabled=&#8220;0&#8243; collapsed=&#8220;on&#8220; global_colors_info=&#8220;{}&#8220; custom_padding_last_edited=&#8220;on|phone&#8220; custom_padding_phone=&#8220;40px||20px||false|false&#8220; sticky_enabled=&#8220;0&#8243; custom_padding_tablet=&#8220;60px||80px|||&#8220;][et_pb_row column_structure=&#8220;3_5,2_5&#8243; _builder_version=&#8220;4.24.0&#8243; _module_preset=&#8220;default&#8220; max_width=&#8220;1280px&#8220; custom_padding=&#8220;0px||0px|||&#8220; global_colors_info=&#8220;{}&#8220;][et_pb_column type=&#8220;3_5&#8243; _builder_version=&#8220;4.21.0&#8243; _module_preset=&#8220;default&#8220; global_colors_info=&#8220;{}&#8220;][et_pb_text _builder_version=&#8220;4.24.0&#8243; _module_preset=&#8220;_initial&#8220; header_font=&#8220;Saturday Lovin||||||||&#8220; header_text_color=&#8220;#FFFFFF&#8220; header_font_size=&#8220;90px&#8220; header_line_height=&#8220;1.2em&#8220; custom_margin=&#8220;0px||18px||false|false&#8220; header_font_size_tablet=&#8220;70px&#8220; header_font_size_phone=&#8220;50px&#8220; header_font_size_last_edited=&#8220;on|phone&#8220; locked=&#8220;off&#8220; global_colors_info=&#8220;{}&#8220;]<h1>Behandlungskonzept<\/h1>[\/et_pb_text][et_pb_text _builder_version=&#8220;4.27.4&#8243; _module_preset=&#8220;_initial&#8220; header_font=&#8220;Orbitron|700||on|||||&#8220; header_text_color=&#8220;#FFFFFF&#8220; header_font_size=&#8220;45px&#8220; header_line_height=&#8220;1.2em&#8220; custom_margin=&#8220;||0px||false|false&#8220; hover_enabled=&#8220;0&#8243; header_font_size_tablet=&#8220;40px&#8220; header_font_size_phone=&#8220;25px&#8220; header_font_size_last_edited=&#8220;on|phone&#8220; global_colors_info=&#8220;{}&#8220; sticky_enabled=&#8220;0&#8243;]<h1>Narbengewebe: Unterst\u00fctzung durch die Schr\u00f6pf&shy;anwendung<\/h1>[\/et_pb_text][et_pb_text _builder_version=&#8220;4.24.0&#8243; _module_preset=&#8220;_initial&#8220; text_font=&#8220;Cabin||||||||&#8220; text_text_color=&#8220;#FFFFFF&#8220; text_font_size=&#8220;18px&#8220; text_line_height=&#8220;1.8em&#8220; text_font_size_tablet=&#8220;16px&#8220; text_font_size_phone=&#8220;14px&#8220; text_font_size_last_edited=&#8220;on|desktop&#8220; global_colors_info=&#8220;{}&#8220;]<p>Eine alte Heilmethode f\u00fcr moderne Vierbeiner.<\/p>[\/et_pb_text][\/et_pb_column][et_pb_column type=&#8220;2_5&#8243; _builder_version=&#8220;4.21.0&#8243; _module_preset=&#8220;default&#8220; global_colors_info=&#8220;{}&#8220;][\/et_pb_column][\/et_pb_row][\/et_pb_section][et_pb_section fb_built=&#8220;1&#8243; _builder_version=&#8220;4.24.0&#8243; _module_preset=&#8220;default&#8220; custom_padding=&#8220;80px||80px|||&#8220; global_colors_info=&#8220;{}&#8220;][et_pb_row _builder_version=&#8220;4.24.0&#8243; _module_preset=&#8220;default&#8220; max_width=&#8220;1280px&#8220; module_alignment=&#8220;center&#8220; custom_margin=&#8220;|auto||auto|false|false&#8220; custom_padding=&#8220;0px||0px|||&#8220; saved_tabs=&#8220;all&#8220; global_colors_info=&#8220;{}&#8220;][et_pb_column type=&#8220;4_4&#8243; _builder_version=&#8220;4.21.0&#8243; _module_preset=&#8220;default&#8220; global_colors_info=&#8220;{}&#8220;][et_pb_text _builder_version=&#8220;4.24.0&#8243; _module_preset=&#8220;_initial&#8220; text_font=&#8220;Cabin||||||||&#8220; text_text_color=&#8220;gcid-46e0c651-8174-4624-9c5e-03e8d17cf99a&#8220; text_font_size=&#8220;16px&#8220; text_line_height=&#8220;1.8em&#8220; link_text_color=&#8220;gcid-4e1a4293-6847-4a8b-8670-1037625c3a21&#8243; text_orientation=&#8220;center&#8220; text_font_size_tablet=&#8220;15px&#8220; text_font_size_phone=&#8220;14px&#8220; text_font_size_last_edited=&#8220;on|phone&#8220; global_colors_info=&#8220;{%22gcid-4e1a4293-6847-4a8b-8670-1037625c3a21%22:%91%22link_text_color%22%93,%22gcid-46e0c651-8174-4624-9c5e-03e8d17cf99a%22:%91%22text_text_color%22%93}&#8220;]<p style=\"text-align: left;\">Narbengewebe f\u00fchren zu einer eingeschr\u00e4nkten Beweglichkeit des Tieres. Zudem k\u00f6nnen sie Schmerzen verursachen und den Lymphfluss behindern. Besonders nach Operationen, Verletzungen oder chronischen Entz\u00fcndungen entstehen h\u00e4ufig verklebte oder verh\u00e4rtete Narben, die das umliegende Gewebe in seiner Funktion einschr\u00e4nken.<\/p>\n<p style=\"text-align: left;\">Eine gezielte M\u00f6glichkeit zur Unterst\u00fctzung der Heilung des Narbengewebes ist das Schr\u00f6pfen. Durch den gezielt erzeugten Unterdruck durch die Schr\u00f6pfgl\u00e4ser wird die Durchblutung angeregt, das Gewebe gelockert und die Stoffwechselaktivit\u00e4t verbessert. So k\u00f6nnen Verklebungen der Hautschichten im Narbenbereich gel\u00f6st und Verspannungen reduziert und oder gelindert werden.<\/p>\n<p style=\"text-align: left;\">Bei der Narbenanwendung sollte man sanft und individuell angepasst, arbeiten. Das Pferd oder der Hund gibt den Grad und die Technik vor.<\/p>\n<p style=\"text-align: left;\"><strong>Ziele des Schr\u00f6pfens bei Narbengewebe:<\/strong><\/p>[\/et_pb_text][et_pb_blurb image=&#8220;https:\/\/schroepfen.c-itrone.com\/wp-content\/uploads\/2025\/05\/Icon-1a.png&#8220; icon_placement=&#8220;left&#8220; image_icon_width=&#8220;30px&#8220; content_max_width=&#8220;100%&#8220; _builder_version=&#8220;4.24.0&#8243; _module_preset=&#8220;default&#8220; header_text_align=&#8220;left&#8220; header_text_color=&#8220;#FFFFFF&#8220; body_font=&#8220;Cabin||||||||&#8220; body_text_color=&#8220;gcid-348de14e-e94b-4721-b757-8f708a850687&#8243; body_font_size=&#8220;16px&#8220; body_line_height=&#8220;1.8em&#8220; custom_margin=&#8220;||10px||false|false&#8220; animation=&#8220;off&#8220; header_font_size_tablet=&#8220;&#8220; header_font_size_phone=&#8220;16px&#8220; header_font_size_last_edited=&#8220;on|phone&#8220; body_font_size_tablet=&#8220;15px&#8220; body_font_size_phone=&#8220;14px&#8220; body_font_size_last_edited=&#8220;on|phone&#8220; locked=&#8220;off&#8220; global_colors_info=&#8220;{%22gcid-52e8b489-b10c-41af-b3c4-a69642f2df1f%22:%91%22icon_color%22%93,%22gcid-348de14e-e94b-4721-b757-8f708a850687%22:%91%22body_text_color%22%93}&#8220;]<p>Unterst\u00fctzung der nat\u00fcrlichen Heilung<\/p>[\/et_pb_blurb][et_pb_blurb image=&#8220;https:\/\/schroepfen.c-itrone.com\/wp-content\/uploads\/2025\/05\/Icon-1a.png&#8220; icon_placement=&#8220;left&#8220; image_icon_width=&#8220;30px&#8220; content_max_width=&#8220;100%&#8220; _builder_version=&#8220;4.24.0&#8243; _module_preset=&#8220;default&#8220; header_text_align=&#8220;left&#8220; header_text_color=&#8220;#FFFFFF&#8220; body_font=&#8220;Cabin||||||||&#8220; body_text_color=&#8220;gcid-348de14e-e94b-4721-b757-8f708a850687&#8243; body_font_size=&#8220;16px&#8220; body_line_height=&#8220;1.8em&#8220; custom_margin=&#8220;||10px||false|false&#8220; animation=&#8220;off&#8220; header_font_size_tablet=&#8220;&#8220; header_font_size_phone=&#8220;16px&#8220; header_font_size_last_edited=&#8220;on|phone&#8220; body_font_size_tablet=&#8220;15px&#8220; body_font_size_phone=&#8220;14px&#8220; body_font_size_last_edited=&#8220;on|phone&#8220; locked=&#8220;off&#8220; global_colors_info=&#8220;{%22gcid-52e8b489-b10c-41af-b3c4-a69642f2df1f%22:%91%22icon_color%22%93,%22gcid-348de14e-e94b-4721-b757-8f708a850687%22:%91%22body_text_color%22%93}&#8220;]<p>L\u00f6sung von Verklebungen im Bindegewebe<\/p>[\/et_pb_blurb][et_pb_blurb image=&#8220;https:\/\/schroepfen.c-itrone.com\/wp-content\/uploads\/2025\/05\/Icon-1a.png&#8220; icon_placement=&#8220;left&#8220; image_icon_width=&#8220;30px&#8220; content_max_width=&#8220;100%&#8220; _builder_version=&#8220;4.24.0&#8243; _module_preset=&#8220;default&#8220; header_text_align=&#8220;left&#8220; header_text_color=&#8220;#FFFFFF&#8220; body_font=&#8220;Cabin||||||||&#8220; body_text_color=&#8220;gcid-348de14e-e94b-4721-b757-8f708a850687&#8243; body_font_size=&#8220;16px&#8220; body_line_height=&#8220;1.8em&#8220; custom_margin=&#8220;||10px||false|false&#8220; animation=&#8220;off&#8220; header_font_size_tablet=&#8220;&#8220; header_font_size_phone=&#8220;16px&#8220; header_font_size_last_edited=&#8220;on|phone&#8220; body_font_size_tablet=&#8220;15px&#8220; body_font_size_phone=&#8220;14px&#8220; body_font_size_last_edited=&#8220;on|phone&#8220; locked=&#8220;off&#8220; global_colors_info=&#8220;{%22gcid-52e8b489-b10c-41af-b3c4-a69642f2df1f%22:%91%22icon_color%22%93,%22gcid-348de14e-e94b-4721-b757-8f708a850687%22:%91%22body_text_color%22%93}&#8220;]<p>Verbesserung der Hautelastizit\u00e4t<\/p>[\/et_pb_blurb][et_pb_blurb image=&#8220;https:\/\/schroepfen.c-itrone.com\/wp-content\/uploads\/2025\/05\/Icon-1a.png&#8220; icon_placement=&#8220;left&#8220; image_icon_width=&#8220;30px&#8220; content_max_width=&#8220;100%&#8220; _builder_version=&#8220;4.24.0&#8243; _module_preset=&#8220;default&#8220; header_text_align=&#8220;left&#8220; header_text_color=&#8220;#FFFFFF&#8220; body_font=&#8220;Cabin||||||||&#8220; body_text_color=&#8220;gcid-348de14e-e94b-4721-b757-8f708a850687&#8243; body_font_size=&#8220;16px&#8220; body_line_height=&#8220;1.8em&#8220; custom_margin=&#8220;||40px||false|false&#8220; animation=&#8220;off&#8220; header_font_size_tablet=&#8220;&#8220; header_font_size_phone=&#8220;16px&#8220; header_font_size_last_edited=&#8220;on|phone&#8220; body_font_size_tablet=&#8220;15px&#8220; body_font_size_phone=&#8220;14px&#8220; body_font_size_last_edited=&#8220;on|phone&#8220; locked=&#8220;off&#8220; global_colors_info=&#8220;{%22gcid-52e8b489-b10c-41af-b3c4-a69642f2df1f%22:%91%22icon_color%22%93,%22gcid-348de14e-e94b-4721-b757-8f708a850687%22:%91%22body_text_color%22%93}&#8220;]<p>F\u00f6rderung der Durchblutung und des Lymphflusses<\/p>[\/et_pb_blurb][et_pb_text _builder_version=&#8220;4.24.0&#8243; _module_preset=&#8220;_initial&#8220; text_font=&#8220;Cabin||||||||&#8220; text_text_color=&#8220;gcid-46e0c651-8174-4624-9c5e-03e8d17cf99a&#8220; text_font_size=&#8220;16px&#8220; text_line_height=&#8220;1.8em&#8220; link_text_color=&#8220;gcid-4e1a4293-6847-4a8b-8670-1037625c3a21&#8243; text_orientation=&#8220;center&#8220; text_font_size_tablet=&#8220;15px&#8220; text_font_size_phone=&#8220;14px&#8220; text_font_size_last_edited=&#8220;on|phone&#8220; global_colors_info=&#8220;{%22gcid-4e1a4293-6847-4a8b-8670-1037625c3a21%22:%91%22link_text_color%22%93,%22gcid-46e0c651-8174-4624-9c5e-03e8d17cf99a%22:%91%22text_text_color%22%93}&#8220;]<p style=\"text-align: left;\">Jede Narbe hat ihre ganz eigene Geschichte \u2013 helfen wir dem Organismus, diese gut zu verarbeiten und wieder die bestm\u00f6gliche Bewegungsfreiheit zu erlangen.<\/p>[\/et_pb_text][\/et_pb_column][\/et_pb_row][\/et_pb_section][et_pb_section fb_built=&#8220;1&#8243; admin_label=&#8220;Top Categories&#8220; _builder_version=&#8220;4.24.0&#8243; _module_preset=&#8220;default&#8220; use_background_color_gradient=&#8220;on&#8220; background_color_gradient_stops=&#8220;rgba(255,255,255,0.8) 0%|rgba(255,255,255,0.9) 100%&#8220; background_color_gradient_overlays_image=&#8220;on&#8220; background_image=&#8220;https:\/\/schroepfen.c-itrone.com\/wp-content\/uploads\/2025\/05\/C-ITRONE-Schroepfgeraet-fuer-Pferde-Hunde-Schroepfen-Danner-4.jpeg&#8220; overflow-x=&#8220;hidden&#8220; overflow-y=&#8220;hidden&#8220; custom_padding=&#8220;40px||80px|||&#8220; collapsed=&#8220;on&#8220; global_colors_info=&#8220;{}&#8220;][et_pb_row _builder_version=&#8220;4.24.0&#8243; _module_preset=&#8220;default&#8220; max_width=&#8220;1280px&#8220; module_alignment=&#8220;center&#8220; custom_margin=&#8220;|auto||auto|false|false&#8220; custom_padding=&#8220;0px||0px|||&#8220; saved_tabs=&#8220;all&#8220; global_colors_info=&#8220;{}&#8220;][et_pb_column type=&#8220;4_4&#8243; _builder_version=&#8220;4.21.0&#8243; _module_preset=&#8220;default&#8220; global_colors_info=&#8220;{}&#8220;][et_pb_text _builder_version=&#8220;4.24.0&#8243; _module_preset=&#8220;_initial&#8220; header_font=&#8220;Saturday Lovin||||||||&#8220; header_text_color=&#8220;gcid-52e8b489-b10c-41af-b3c4-a69642f2df1f&#8220; header_font_size=&#8220;80px&#8220; header_line_height=&#8220;1.2em&#8220; custom_margin=&#8220;0px||12px||false|false&#8220; custom_padding=&#8220;0px|||||&#8220; header_font_size_tablet=&#8220;50px&#8220; header_font_size_phone=&#8220;40px&#8220; header_font_size_last_edited=&#8220;on|phone&#8220; locked=&#8220;off&#8220; global_colors_info=&#8220;{%22gcid-52e8b489-b10c-41af-b3c4-a69642f2df1f%22:%91%22header_text_color%22,%22header_text_color%22%93}&#8220;]<h1 style=\"text-align: center;\">Einfach\u00a0 testen<\/h1>[\/et_pb_text][et_pb_text _builder_version=&#8220;4.24.0&#8243; _module_preset=&#8220;_initial&#8220; header_3_font=&#8220;Orbitron|700||on|||||&#8220; header_3_text_color=&#8220;gcid-46e0c651-8174-4624-9c5e-03e8d17cf99a&#8220; header_3_font_size=&#8220;40px&#8220; header_3_line_height=&#8220;1.2em&#8220; text_orientation=&#8220;center&#8220; module_alignment=&#8220;center&#8220; custom_margin=&#8220;||20px||false|false&#8220; header_3_font_size_tablet=&#8220;30px&#8220; header_3_font_size_phone=&#8220;20px&#8220; header_3_font_size_last_edited=&#8220;on|phone&#8220; global_colors_info=&#8220;{%22gcid-46e0c651-8174-4624-9c5e-03e8d17cf99a%22:%91%22header_3_text_color%22,%22header_3_text_color%22%93}&#8220;]<h3 style=\"text-align: center;\">\u00dcberzeugen Sie sich selbst und testen Sie die C-itrone Schr\u00f6pftherapie<\/h3>[\/et_pb_text][et_pb_text _builder_version=&#8220;4.24.0&#8243; _module_preset=&#8220;_initial&#8220; text_font=&#8220;Cabin||||||||&#8220; text_text_color=&#8220;gcid-46e0c651-8174-4624-9c5e-03e8d17cf99a&#8220; text_font_size=&#8220;16px&#8220; text_line_height=&#8220;1.8em&#8220; link_text_color=&#8220;gcid-4e1a4293-6847-4a8b-8670-1037625c3a21&#8243; text_orientation=&#8220;center&#8220; text_font_size_tablet=&#8220;15px&#8220; text_font_size_phone=&#8220;14px&#8220; text_font_size_last_edited=&#8220;on|phone&#8220; global_colors_info=&#8220;{%22gcid-4e1a4293-6847-4a8b-8670-1037625c3a21%22:%91%22link_text_color%22%93,%22gcid-46e0c651-8174-4624-9c5e-03e8d17cf99a%22:%91%22text_text_color%22%93}&#8220;]<p style=\"text-align: center;\">Sie sind Tierarzt, Physiotherapeut, Osteopath, Reitstallbesitzer, Chiropraktiker oder haben sich auf die Rehabilitation spezialisiert und m\u00f6chten Ihr Therapieangebot erweitern? Dann kontaktieren Sie uns gerne! Wir werden Sie ausf\u00fchrlich und fachm\u00e4nnisch beraten.<\/p>[\/et_pb_text][et_pb_button button_url=&#8220;\/index.php\/kontakt&#8220; button_text=&#8220;Zum Kontakt&#8220; button_alignment=&#8220;center&#8220; _builder_version=&#8220;4.27.4&#8243; _module_preset=&#8220;_initial&#8220; custom_button=&#8220;on&#8220; button_text_size=&#8220;14px&#8220; button_text_color=&#8220;#FFFFFF&#8220; button_bg_color=&#8220;gcid-52e8b489-b10c-41af-b3c4-a69642f2df1f&#8220; button_border_width=&#8220;0px&#8220; button_border_radius=&#8220;10px&#8220; button_font=&#8220;Montserrat|700||on|||||&#8220; button_use_icon=&#8220;off&#8220; custom_margin=&#8220;||||false|true&#8220; custom_padding=&#8220;16px|40px|16px|40px|true|true&#8220; locked=&#8220;off&#8220; global_colors_info=&#8220;{%22gcid-52e8b489-b10c-41af-b3c4-a69642f2df1f%22:%91%22button_bg_color%22,%22button_text_color__hover%22,%22button_bg_color%22,%22button_text_color__hover%22%93,%22gcid-348de14e-e94b-4721-b757-8f708a850687%22:%91%22button_bg_color__hover%22%93}&#8220; button_bg_color__hover_enabled=&#8220;on|hover&#8220; button_bg_color__hover=&#8220;#0f3752&#8243; button_bg_enable_color__hover=&#8220;on&#8220; button_text_color__hover_enabled=&#8220;off|hover&#8220; button_text_color__hover=&#8220;#ea631b&#8220;][\/et_pb_button][\/et_pb_column][\/et_pb_row][\/et_pb_section]\n","protected":false},"excerpt":{"rendered":"<p>BehandlungskonzeptNarbengewebe: Unterst\u00fctzung durch die Schr\u00f6pf&shy;anwendungEine alte Heilmethode f\u00fcr moderne Vierbeiner.Narbengewebe f\u00fchren zu einer eingeschr\u00e4nkten Beweglichkeit des Tieres. Zudem k\u00f6nnen sie Schmerzen verursachen und den Lymphfluss behindern. Besonders nach Operationen, Verletzungen oder chronischen Entz\u00fcndungen entstehen h\u00e4ufig verklebte oder verh\u00e4rtete Narben, die das umliegende Gewebe in seiner Funktion einschr\u00e4nken. Eine gezielte M\u00f6glichkeit zur Unterst\u00fctzung der Heilung des [&hellip;]<\/p>\n","protected":false},"author":29,"featured_media":0,"parent":0,"menu_order":0,"comment_status":"closed","ping_status":"closed","template":"","meta":{"_et_pb_use_builder":"on","_et_pb_old_content":"","_et_gb_content_width":"","footnotes":""},"class_list":["post-11593","page","type-page","status-publish","hentry"],"yoast_head":"<!-- This site is optimized with the Yoast SEO plugin v25.2 - https:\/\/yoast.com\/wordpress\/plugins\/seo\/ -->\n<title>Narbengewebe - C-ITRONE<\/title>\n<meta name=\"description\" content=\"C-Itrone Schr\u00f6pftherapie f\u00fcr Pferde &amp; Hunde | Christian &amp; Jacky Danner | Schr\u00f6pfger\u00e4t kaufen | Pferdetherapie | Hundetherapie | Deutschland\" \/>\n<meta name=\"robots\" content=\"index, follow, max-snippet:-1, max-image-preview:large, max-video-preview:-1\" \/>\n<link rel=\"canonical\" href=\"https:\/\/schroepfen.c-itrone.com\/index.php\/narbengewebe\/\" \/>\n<meta property=\"og:locale\" content=\"de_DE\" \/>\n<meta property=\"og:type\" content=\"article\" \/>\n<meta property=\"og:title\" content=\"Narbengewebe - C-ITRONE\" \/>\n<meta property=\"og:description\" content=\"C-Itrone Schr\u00f6pftherapie f\u00fcr Pferde &amp; Hunde | Christian &amp; Jacky Danner | Schr\u00f6pfger\u00e4t kaufen | Pferdetherapie | Hundetherapie | Deutschland\" \/>\n<meta property=\"og:url\" content=\"https:\/\/schroepfen.c-itrone.com\/index.php\/narbengewebe\/\" \/>\n<meta property=\"og:site_name\" content=\"C-ITRONE\" \/>\n<meta property=\"article:modified_time\" content=\"2025-05-12T08:28:35+00:00\" \/>\n<meta property=\"og:image\" content=\"https:\/\/schroepfen.c-itrone.com\/wp-content\/uploads\/2025\/05\/C-TRONE-Linkbild.jpg\" \/>\n\t<meta property=\"og:image:width\" content=\"1920\" \/>\n\t<meta property=\"og:image:height\" content=\"1080\" \/>\n\t<meta property=\"og:image:type\" content=\"image\/jpeg\" \/>\n<meta name=\"twitter:card\" content=\"summary_large_image\" \/>\n<meta name=\"twitter:label1\" content=\"Gesch\u00e4tzte Lesezeit\" \/>\n\t<meta name=\"twitter:data1\" content=\"2\u00a0Minuten\" \/>\n<script type=\"application\/ld+json\" class=\"yoast-schema-graph\">{\"@context\":\"https:\/\/schema.org\",\"@graph\":[{\"@type\":\"WebPage\",\"@id\":\"https:\/\/schroepfen.c-itrone.com\/index.php\/narbengewebe\/\",\"url\":\"https:\/\/schroepfen.c-itrone.com\/index.php\/narbengewebe\/\",\"name\":\"Narbengewebe - C-ITRONE\",\"isPartOf\":{\"@id\":\"https:\/\/schroepfen.c-itrone.com\/#website\"},\"datePublished\":\"2025-05-07T13:29:36+00:00\",\"dateModified\":\"2025-05-12T08:28:35+00:00\",\"description\":\"C-Itrone Schr\u00f6pftherapie f\u00fcr Pferde & Hunde | Christian & Jacky Danner | Schr\u00f6pfger\u00e4t kaufen | Pferdetherapie | Hundetherapie | Deutschland\",\"breadcrumb\":{\"@id\":\"https:\/\/schroepfen.c-itrone.com\/index.php\/narbengewebe\/#breadcrumb\"},\"inLanguage\":\"de\",\"potentialAction\":[{\"@type\":\"ReadAction\",\"target\":[\"https:\/\/schroepfen.c-itrone.com\/index.php\/narbengewebe\/\"]}]},{\"@type\":\"BreadcrumbList\",\"@id\":\"https:\/\/schroepfen.c-itrone.com\/index.php\/narbengewebe\/#breadcrumb\",\"itemListElement\":[{\"@type\":\"ListItem\",\"position\":1,\"name\":\"Startseite\",\"item\":\"https:\/\/schroepfen.c-itrone.com\/\"},{\"@type\":\"ListItem\",\"position\":2,\"name\":\"Narbengewebe\"}]},{\"@type\":\"WebSite\",\"@id\":\"https:\/\/schroepfen.c-itrone.com\/#website\",\"url\":\"https:\/\/schroepfen.c-itrone.com\/\",\"name\":\"C-ITRONE\",\"description\":\"Schr\u00f6pfger\u00e4t f\u00fcr Pferde und Hunde\",\"potentialAction\":[{\"@type\":\"SearchAction\",\"target\":{\"@type\":\"EntryPoint\",\"urlTemplate\":\"https:\/\/schroepfen.c-itrone.com\/?s={search_term_string}\"},\"query-input\":{\"@type\":\"PropertyValueSpecification\",\"valueRequired\":true,\"valueName\":\"search_term_string\"}}],\"inLanguage\":\"de\"}]}<\/script>\n<!-- \/ Yoast SEO plugin. -->","yoast_head_json":{"title":"Narbengewebe - C-ITRONE","description":"C-Itrone Schr\u00f6pftherapie f\u00fcr Pferde & Hunde | Christian & Jacky Danner | Schr\u00f6pfger\u00e4t kaufen | Pferdetherapie | Hundetherapie | Deutschland","robots":{"index":"index","follow":"follow","max-snippet":"max-snippet:-1","max-image-preview":"max-image-preview:large","max-video-preview":"max-video-preview:-1"},"canonical":"https:\/\/schroepfen.c-itrone.com\/index.php\/narbengewebe\/","og_locale":"de_DE","og_type":"article","og_title":"Narbengewebe - C-ITRONE","og_description":"C-Itrone Schr\u00f6pftherapie f\u00fcr Pferde & Hunde | Christian & Jacky Danner | Schr\u00f6pfger\u00e4t kaufen | Pferdetherapie | Hundetherapie | Deutschland","og_url":"https:\/\/schroepfen.c-itrone.com\/index.php\/narbengewebe\/","og_site_name":"C-ITRONE","article_modified_time":"2025-05-12T08:28:35+00:00","og_image":[{"width":1920,"height":1080,"url":"https:\/\/schroepfen.c-itrone.com\/wp-content\/uploads\/2025\/05\/C-TRONE-Linkbild.jpg","type":"image\/jpeg"}],"twitter_card":"summary_large_image","twitter_misc":{"Gesch\u00e4tzte Lesezeit":"2\u00a0Minuten"},"schema":{"@context":"https:\/\/schema.org","@graph":[{"@type":"WebPage","@id":"https:\/\/schroepfen.c-itrone.com\/index.php\/narbengewebe\/","url":"https:\/\/schroepfen.c-itrone.com\/index.php\/narbengewebe\/","name":"Narbengewebe - C-ITRONE","isPartOf":{"@id":"https:\/\/schroepfen.c-itrone.com\/#website"},"datePublished":"2025-05-07T13:29:36+00:00","dateModified":"2025-05-12T08:28:35+00:00","description":"C-Itrone Schr\u00f6pftherapie f\u00fcr Pferde & Hunde | Christian & Jacky Danner | Schr\u00f6pfger\u00e4t kaufen | Pferdetherapie | Hundetherapie | Deutschland","breadcrumb":{"@id":"https:\/\/schroepfen.c-itrone.com\/index.php\/narbengewebe\/#breadcrumb"},"inLanguage":"de","potentialAction":[{"@type":"ReadAction","target":["https:\/\/schroepfen.c-itrone.com\/index.php\/narbengewebe\/"]}]},{"@type":"BreadcrumbList","@id":"https:\/\/schroepfen.c-itrone.com\/index.php\/narbengewebe\/#breadcrumb","itemListElement":[{"@type":"ListItem","position":1,"name":"Startseite","item":"https:\/\/schroepfen.c-itrone.com\/"},{"@type":"ListItem","position":2,"name":"Narbengewebe"}]},{"@type":"WebSite","@id":"https:\/\/schroepfen.c-itrone.com\/#website","url":"https:\/\/schroepfen.c-itrone.com\/","name":"C-ITRONE","description":"Schr\u00f6pfger\u00e4t f\u00fcr Pferde und Hunde","potentialAction":[{"@type":"SearchAction","target":{"@type":"EntryPoint","urlTemplate":"https:\/\/schroepfen.c-itrone.com\/?s={search_term_string}"},"query-input":{"@type":"PropertyValueSpecification","valueRequired":true,"valueName":"search_term_string"}}],"inLanguage":"de"}]}},"_links":{"self":[{"href":"https:\/\/schroepfen.c-itrone.com\/index.php\/wp-json\/wp\/v2\/pages\/11593","targetHints":{"allow":["GET"]}}],"collection":[{"href":"https:\/\/schroepfen.c-itrone.com\/index.php\/wp-json\/wp\/v2\/pages"}],"about":[{"href":"https:\/\/schroepfen.c-itrone.com\/index.php\/wp-json\/wp\/v2\/types\/page"}],"author":[{"embeddable":true,"href":"https:\/\/schroepfen.c-itrone.com\/index.php\/wp-json\/wp\/v2\/users\/29"}],"replies":[{"embeddable":true,"href":"https:\/\/schroepfen.c-itrone.com\/index.php\/wp-json\/wp\/v2\/comments?post=11593"}],"version-history":[{"count":5,"href":"https:\/\/schroepfen.c-itrone.com\/index.php\/wp-json\/wp\/v2\/pages\/11593\/revisions"}],"predecessor-version":[{"id":11944,"href":"https:\/\/schroepfen.c-itrone.com\/index.php\/wp-json\/wp\/v2\/pages\/11593\/revisions\/11944"}],"wp:attachment":[{"href":"https:\/\/schroepfen.c-itrone.com\/index.php\/wp-json\/wp\/v2\/media?parent=11593"}],"curies":[{"name":"wp","href":"https:\/\/api.w.org\/{rel}","templated":true}]}}