{"id":11596,"date":"2025-05-07T15:30:39","date_gmt":"2025-05-07T13:30:39","guid":{"rendered":"https:\/\/schroepfen.c-itrone.com\/?page_id=11596"},"modified":"2025-05-12T10:27:51","modified_gmt":"2025-05-12T08:27:51","slug":"muskelkater","status":"publish","type":"page","link":"https:\/\/schroepfen.c-itrone.com\/index.php\/muskelkater\/","title":{"rendered":"Muskelkater"},"content":{"rendered":"\n[et_pb_section fb_built=&#8220;1&#8243; admin_label=&#8220;Header&#8220; _builder_version=&#8220;4.27.4&#8243; _module_preset=&#8220;default&#8220; custom_padding=&#8220;60px||80px|||&#8220; collapsed=&#8220;on&#8220; global_colors_info=&#8220;{}&#8220; background_image=&#8220;https:\/\/schroepfen.c-itrone.com\/wp-content\/uploads\/2025\/05\/C-ITRONE-Schroepfgeraet-fuer-Pferde-Hunde-Schroepfen-2.jpg&#8220; custom_padding_phone=&#8220;40px||50px||false|false&#8220; custom_padding_last_edited=&#8220;on|phone&#8220; hover_enabled=&#8220;0&#8243; sticky_enabled=&#8220;0&#8243; custom_padding_tablet=&#8220;60px||80px|||&#8220;][et_pb_row _builder_version=&#8220;4.24.0&#8243; _module_preset=&#8220;default&#8220; max_width=&#8220;1280px&#8220; custom_padding=&#8220;0px||0px|||&#8220; global_colors_info=&#8220;{}&#8220;][et_pb_column type=&#8220;4_4&#8243; _builder_version=&#8220;4.21.0&#8243; _module_preset=&#8220;default&#8220; global_colors_info=&#8220;{}&#8220;][et_pb_text _builder_version=&#8220;4.24.0&#8243; _module_preset=&#8220;_initial&#8220; header_font=&#8220;Saturday Lovin||||||||&#8220; header_text_color=&#8220;#FFFFFF&#8220; header_font_size=&#8220;90px&#8220; header_line_height=&#8220;1.2em&#8220; custom_margin=&#8220;0px||18px||false|false&#8220; header_font_size_tablet=&#8220;70px&#8220; header_font_size_phone=&#8220;50px&#8220; header_font_size_last_edited=&#8220;on|phone&#8220; locked=&#8220;off&#8220; global_colors_info=&#8220;{}&#8220;]<h1>Behandlungskonzept<\/h1>[\/et_pb_text][et_pb_text _builder_version=&#8220;4.24.0&#8243; _module_preset=&#8220;_initial&#8220; header_font=&#8220;Orbitron|700||on|||||&#8220; header_text_color=&#8220;#FFFFFF&#8220; header_font_size=&#8220;45px&#8220; header_line_height=&#8220;1.2em&#8220; custom_margin=&#8220;||0px||false|false&#8220; header_font_size_tablet=&#8220;40px&#8220; header_font_size_phone=&#8220;25px&#8220; header_font_size_last_edited=&#8220;on|phone&#8220; global_colors_info=&#8220;{}&#8220;]<h1>Muskelkater, Myo&shy;faszialer Schmerz, Myoazi&shy;dotischer Schmerz, Myotendini&shy;tischer Schmerz<\/h1>[\/et_pb_text][et_pb_text _builder_version=&#8220;4.24.0&#8243; _module_preset=&#8220;_initial&#8220; text_font=&#8220;Cabin||||||||&#8220; text_text_color=&#8220;#FFFFFF&#8220; text_font_size=&#8220;18px&#8220; text_line_height=&#8220;1.8em&#8220; text_font_size_tablet=&#8220;16px&#8220; text_font_size_phone=&#8220;14px&#8220; text_font_size_last_edited=&#8220;on|desktop&#8220; global_colors_info=&#8220;{}&#8220;]<p>Eine alte Heilmethode f\u00fcr moderne Vierbeiner.<\/p>[\/et_pb_text][\/et_pb_column][\/et_pb_row][\/et_pb_section][et_pb_section fb_built=&#8220;1&#8243; _builder_version=&#8220;4.24.0&#8243; _module_preset=&#8220;default&#8220; custom_padding=&#8220;80px||80px|||&#8220; global_colors_info=&#8220;{}&#8220;][et_pb_row _builder_version=&#8220;4.24.0&#8243; _module_preset=&#8220;default&#8220; max_width=&#8220;1280px&#8220; module_alignment=&#8220;center&#8220; custom_margin=&#8220;|auto|50px|auto|false|false&#8220; custom_padding=&#8220;0px||0px|||&#8220; saved_tabs=&#8220;all&#8220; global_colors_info=&#8220;{}&#8220;][et_pb_column type=&#8220;4_4&#8243; _builder_version=&#8220;4.21.0&#8243; _module_preset=&#8220;default&#8220; global_colors_info=&#8220;{}&#8220;][et_pb_text _builder_version=&#8220;4.24.0&#8243; _module_preset=&#8220;_initial&#8220; text_font=&#8220;Cabin||||||||&#8220; text_text_color=&#8220;gcid-46e0c651-8174-4624-9c5e-03e8d17cf99a&#8220; text_font_size=&#8220;16px&#8220; text_line_height=&#8220;1.8em&#8220; link_text_color=&#8220;gcid-4e1a4293-6847-4a8b-8670-1037625c3a21&#8243; text_orientation=&#8220;center&#8220; text_font_size_tablet=&#8220;15px&#8220; text_font_size_phone=&#8220;14px&#8220; text_font_size_last_edited=&#8220;on|phone&#8220; global_colors_info=&#8220;{%22gcid-4e1a4293-6847-4a8b-8670-1037625c3a21%22:%91%22link_text_color%22%93,%22gcid-46e0c651-8174-4624-9c5e-03e8d17cf99a%22:%91%22text_text_color%22%93}&#8220;]<p style=\"text-align: left;\">Der <strong>Muskelkater<\/strong>: Jeder hat ihn schon einmal erlebt und war froh, als er wieder weg war. Nach einer \u00dcberanstrengung kann der K\u00f6rper mit Muskelkater reagieren. Hier handelt es sich nicht um den, wie jahrzehntelang Gedacht, Ausschuss an Laktat (Milchs\u00e4ure). Durch Mikrol\u00e4sionen der Myofibrillen (kleinste Einheit der Muskulatur) kommt es zum Muskelkater.<\/p>\n<p style=\"text-align: left;\">Der <strong>Myofasziale Schmerz<\/strong>: Eine Hypotone Muskulatur f\u00fchrt zugleich zu einer Verspannung der Faszien. Diese durchdringen Nerven und Blutgef\u00e4\u00dfe. Durch die Verspannung der Muskelfaszie kommt es zur Kompression der Nerven und l\u00f6st somit Schmerzen und eine Isch\u00e4mie aus.<\/p>\n<p style=\"text-align: left;\">Der <strong>Myoazidotischer Schmerz<\/strong> ist eine Anh\u00e4ufung von Laktat. Das Laktat f\u00fchrt zur Reizung der Nozirezeptoren (Schmerzrezeptoren) und schlie\u00dflich zum Leistungsabbruch. Wir kennen das sehr gut nach einer Bergwanderung. Das Brennen in den Oberschenkeln ist der sogenannte Myazidotische Schmerz.<\/p>\n<p style=\"text-align: left;\">Der<strong> Myptendinitischer Schmerz:<\/strong> durch muskul\u00e4ren Hypertonus kommt es gleichzeitig zu einem Dauerzug an der Sehne. Die Folgen sind Mikrotraumen mit Entz\u00fcndungsreaktion und reduziertem Stoffwechsel. Dies nennt man auch eine lokale Isch\u00e4mie. Im schlimmsten Falle kann dies zu einem Schaden an der Sehne f\u00fchren.<\/p>[\/et_pb_text][\/et_pb_column][\/et_pb_row][et_pb_row _builder_version=&#8220;4.24.0&#8243; _module_preset=&#8220;default&#8220; max_width=&#8220;1280px&#8220; module_alignment=&#8220;center&#8220; custom_margin=&#8220;|auto|50px|auto|false|false&#8220; custom_padding=&#8220;0px||0px|||&#8220; saved_tabs=&#8220;all&#8220; locked=&#8220;off&#8220; global_colors_info=&#8220;{}&#8220;][et_pb_column type=&#8220;4_4&#8243; _builder_version=&#8220;4.21.0&#8243; _module_preset=&#8220;default&#8220; global_colors_info=&#8220;{}&#8220;][et_pb_text _builder_version=&#8220;4.24.0&#8243; _module_preset=&#8220;_initial&#8220; header_4_font=&#8220;Cabin|700||on|||||&#8220; header_4_text_color=&#8220;gcid-52e8b489-b10c-41af-b3c4-a69642f2df1f&#8220; header_4_font_size=&#8220;15px&#8220; header_4_letter_spacing=&#8220;1px&#8220; header_4_line_height=&#8220;1.4em&#8220; text_orientation=&#8220;center&#8220; custom_margin=&#8220;||10px||false|false&#8220; global_colors_info=&#8220;{%22gcid-52e8b489-b10c-41af-b3c4-a69642f2df1f%22:%91%22header_4_text_color%22%93}&#8220;]<h4 style=\"text-align: left;\">L\u00f6sen von Verklebungen &amp; Verspannungen<\/h4>[\/et_pb_text][et_pb_text _builder_version=&#8220;4.24.0&#8243; _module_preset=&#8220;_initial&#8220; header_3_font=&#8220;Orbitron|700||on|||||&#8220; header_3_text_color=&#8220;gcid-348de14e-e94b-4721-b757-8f708a850687&#8243; header_3_font_size=&#8220;40px&#8220; header_3_line_height=&#8220;1.2em&#8220; text_orientation=&#8220;center&#8220; width_tablet=&#8220;100%&#8220; width_phone=&#8220;100%&#8220; width_last_edited=&#8220;off|tablet&#8220; module_alignment=&#8220;center&#8220; custom_margin=&#8220;||0px||false|false&#8220; header_3_font_size_tablet=&#8220;30px&#8220; header_3_font_size_phone=&#8220;20px&#8220; header_3_font_size_last_edited=&#8220;on|phone&#8220; global_colors_info=&#8220;{%22gcid-348de14e-e94b-4721-b757-8f708a850687%22:%91%22header_3_text_color%22%93}&#8220;]<h3 style=\"text-align: left;\">Ziel der Schr\u00f6pftherapie<\/h3>[\/et_pb_text][et_pb_text _builder_version=&#8220;4.24.0&#8243; _module_preset=&#8220;_initial&#8220; text_font=&#8220;Cabin||||||||&#8220; text_text_color=&#8220;gcid-46e0c651-8174-4624-9c5e-03e8d17cf99a&#8220; text_font_size=&#8220;16px&#8220; text_line_height=&#8220;1.8em&#8220; link_text_color=&#8220;gcid-4e1a4293-6847-4a8b-8670-1037625c3a21&#8243; text_orientation=&#8220;center&#8220; text_font_size_tablet=&#8220;15px&#8220; text_font_size_phone=&#8220;14px&#8220; text_font_size_last_edited=&#8220;on|phone&#8220; global_colors_info=&#8220;{%22gcid-4e1a4293-6847-4a8b-8670-1037625c3a21%22:%91%22link_text_color%22%93,%22gcid-46e0c651-8174-4624-9c5e-03e8d17cf99a%22:%91%22text_text_color%22%93}&#8220;]<p style=\"text-align: left;\">Durch die Anwendung mit dem Schr\u00f6pfger\u00e4t k\u00f6nnen wir Verklebungen und Verspannungen l\u00f6sen. Die Durchblutung wird gesteigert. Sauerstoff wird wieder besser in die Zellen transportiert. Der Stoffwechsel wird angeregt und Stoffwechselentprodukte wieder besser Abtransportiert.<\/p>[\/et_pb_text][\/et_pb_column][\/et_pb_row][et_pb_row _builder_version=&#8220;4.24.0&#8243; _module_preset=&#8220;default&#8220; max_width=&#8220;1280px&#8220; module_alignment=&#8220;center&#8220; custom_margin=&#8220;|auto||auto|false|false&#8220; custom_padding=&#8220;0px||0px|||&#8220; saved_tabs=&#8220;all&#8220; locked=&#8220;off&#8220; global_colors_info=&#8220;{}&#8220;][et_pb_column type=&#8220;4_4&#8243; _builder_version=&#8220;4.21.0&#8243; _module_preset=&#8220;default&#8220; global_colors_info=&#8220;{}&#8220;][et_pb_text _builder_version=&#8220;4.24.0&#8243; _module_preset=&#8220;_initial&#8220; header_4_font=&#8220;Cabin|700||on|||||&#8220; header_4_text_color=&#8220;gcid-52e8b489-b10c-41af-b3c4-a69642f2df1f&#8220; header_4_font_size=&#8220;15px&#8220; header_4_letter_spacing=&#8220;1px&#8220; header_4_line_height=&#8220;1.4em&#8220; text_orientation=&#8220;center&#8220; custom_margin=&#8220;||10px||false|false&#8220; global_colors_info=&#8220;{%22gcid-52e8b489-b10c-41af-b3c4-a69642f2df1f%22:%91%22header_4_text_color%22%93}&#8220;]<h4 style=\"text-align: left;\">Behandlung<\/h4>[\/et_pb_text][et_pb_text _builder_version=&#8220;4.24.0&#8243; _module_preset=&#8220;_initial&#8220; header_3_font=&#8220;Orbitron|700||on|||||&#8220; header_3_text_color=&#8220;gcid-348de14e-e94b-4721-b757-8f708a850687&#8243; header_3_font_size=&#8220;40px&#8220; header_3_line_height=&#8220;1.2em&#8220; text_orientation=&#8220;center&#8220; width_tablet=&#8220;100%&#8220; width_phone=&#8220;100%&#8220; width_last_edited=&#8220;off|tablet&#8220; module_alignment=&#8220;center&#8220; custom_margin=&#8220;||0px||false|false&#8220; header_3_font_size_tablet=&#8220;30px&#8220; header_3_font_size_phone=&#8220;20px&#8220; header_3_font_size_last_edited=&#8220;on|phone&#8220; global_colors_info=&#8220;{%22gcid-348de14e-e94b-4721-b757-8f708a850687%22:%91%22header_3_text_color%22%93}&#8220;]<h3 style=\"text-align: left;\">Hinweise zur Anwendung<\/h3>[\/et_pb_text][et_pb_text _builder_version=&#8220;4.24.0&#8243; _module_preset=&#8220;_initial&#8220; text_font=&#8220;Cabin||||||||&#8220; text_text_color=&#8220;gcid-46e0c651-8174-4624-9c5e-03e8d17cf99a&#8220; text_font_size=&#8220;16px&#8220; text_line_height=&#8220;1.8em&#8220; link_text_color=&#8220;gcid-4e1a4293-6847-4a8b-8670-1037625c3a21&#8243; text_orientation=&#8220;center&#8220; text_font_size_tablet=&#8220;15px&#8220; text_font_size_phone=&#8220;14px&#8220; text_font_size_last_edited=&#8220;on|phone&#8220; global_colors_info=&#8220;{%22gcid-4e1a4293-6847-4a8b-8670-1037625c3a21%22:%91%22link_text_color%22%93,%22gcid-46e0c651-8174-4624-9c5e-03e8d17cf99a%22:%91%22text_text_color%22%93}&#8220;]<p style=\"text-align: left;\">Allgemein betr\u00e4gt die Schr\u00f6pfzeit pro K\u00f6rperzone zwischen 5 bis 10 Sekunden bei durchschnittlich 0,2 bis 0,3 bar Druckeinstellung. Bei niedrigeren Druckeinstellungen kann auch bis zu 20 Sekunden an einer Stelle angesetzt werden. Im Beckenbereich k\u00f6nnen auch bis zu 0,7 eingestellt werden. Generell gilt, dass maximal 0,9 bar nicht \u00fcberschritten werden d\u00fcrfen.<\/p>\n<p style=\"text-align: left;\">Pro Seite eines Pferdes werden 10-15 min Behandlungszeit veranschlagt. Maximal sollte eine Behandlung nicht l\u00e4nger als 20-25 Minuten dauern.<\/p>\n<p style=\"text-align: left;\">Hier empfiehlt sich sanft zu starten. Die Anwendung auf muskul\u00e4ren Verspannungen ist individuell. Abkauen und G\u00e4hnen sind auch hier ein positives Feedback f\u00fcr den Therapeuten.<\/p>[\/et_pb_text][\/et_pb_column][\/et_pb_row][\/et_pb_section][et_pb_section fb_built=&#8220;1&#8243; admin_label=&#8220;Top Categories&#8220; _builder_version=&#8220;4.24.0&#8243; _module_preset=&#8220;default&#8220; use_background_color_gradient=&#8220;on&#8220; background_color_gradient_stops=&#8220;rgba(255,255,255,0.8) 0%|rgba(255,255,255,0.9) 100%&#8220; background_color_gradient_overlays_image=&#8220;on&#8220; background_image=&#8220;https:\/\/schroepfen.c-itrone.com\/wp-content\/uploads\/2025\/05\/C-ITRONE-Schroepfgeraet-fuer-Pferde-Hunde-Schroepfen-Danner-4.jpeg&#8220; overflow-x=&#8220;hidden&#8220; overflow-y=&#8220;hidden&#8220; custom_padding=&#8220;40px||80px|||&#8220; collapsed=&#8220;on&#8220; global_colors_info=&#8220;{}&#8220;][et_pb_row _builder_version=&#8220;4.24.0&#8243; _module_preset=&#8220;default&#8220; max_width=&#8220;1280px&#8220; module_alignment=&#8220;center&#8220; custom_margin=&#8220;|auto||auto|false|false&#8220; custom_padding=&#8220;0px||0px|||&#8220; saved_tabs=&#8220;all&#8220; global_colors_info=&#8220;{}&#8220;][et_pb_column type=&#8220;4_4&#8243; _builder_version=&#8220;4.21.0&#8243; _module_preset=&#8220;default&#8220; global_colors_info=&#8220;{}&#8220;][et_pb_text _builder_version=&#8220;4.24.0&#8243; _module_preset=&#8220;_initial&#8220; header_font=&#8220;Saturday Lovin||||||||&#8220; header_text_color=&#8220;gcid-52e8b489-b10c-41af-b3c4-a69642f2df1f&#8220; header_font_size=&#8220;80px&#8220; header_line_height=&#8220;1.2em&#8220; custom_margin=&#8220;0px||12px||false|false&#8220; custom_padding=&#8220;0px|||||&#8220; header_font_size_tablet=&#8220;50px&#8220; header_font_size_phone=&#8220;40px&#8220; header_font_size_last_edited=&#8220;on|phone&#8220; locked=&#8220;off&#8220; global_colors_info=&#8220;{%22gcid-52e8b489-b10c-41af-b3c4-a69642f2df1f%22:%91%22header_text_color%22,%22header_text_color%22%93}&#8220;]<h1 style=\"text-align: center;\">Einfach\u00a0 testen<\/h1>[\/et_pb_text][et_pb_text _builder_version=&#8220;4.24.0&#8243; _module_preset=&#8220;_initial&#8220; header_3_font=&#8220;Orbitron|700||on|||||&#8220; header_3_text_color=&#8220;gcid-46e0c651-8174-4624-9c5e-03e8d17cf99a&#8220; header_3_font_size=&#8220;40px&#8220; header_3_line_height=&#8220;1.2em&#8220; text_orientation=&#8220;center&#8220; module_alignment=&#8220;center&#8220; custom_margin=&#8220;||20px||false|false&#8220; header_3_font_size_tablet=&#8220;30px&#8220; header_3_font_size_phone=&#8220;20px&#8220; header_3_font_size_last_edited=&#8220;on|phone&#8220; global_colors_info=&#8220;{%22gcid-46e0c651-8174-4624-9c5e-03e8d17cf99a%22:%91%22header_3_text_color%22,%22header_3_text_color%22%93}&#8220;]<h3 style=\"text-align: center;\">\u00dcberzeugen Sie sich selbst und testen Sie die C-itrone Schr\u00f6pftherapie<\/h3>[\/et_pb_text][et_pb_text _builder_version=&#8220;4.24.0&#8243; _module_preset=&#8220;_initial&#8220; text_font=&#8220;Cabin||||||||&#8220; text_text_color=&#8220;gcid-46e0c651-8174-4624-9c5e-03e8d17cf99a&#8220; text_font_size=&#8220;16px&#8220; text_line_height=&#8220;1.8em&#8220; link_text_color=&#8220;gcid-4e1a4293-6847-4a8b-8670-1037625c3a21&#8243; text_orientation=&#8220;center&#8220; text_font_size_tablet=&#8220;15px&#8220; text_font_size_phone=&#8220;14px&#8220; text_font_size_last_edited=&#8220;on|phone&#8220; global_colors_info=&#8220;{%22gcid-4e1a4293-6847-4a8b-8670-1037625c3a21%22:%91%22link_text_color%22%93,%22gcid-46e0c651-8174-4624-9c5e-03e8d17cf99a%22:%91%22text_text_color%22%93}&#8220;]<p style=\"text-align: center;\">Sie sind Tierarzt, Physiotherapeut, Osteopath, Reitstallbesitzer, Chiropraktiker oder haben sich auf die Rehabilitation spezialisiert und m\u00f6chten Ihr Therapieangebot erweitern? Dann kontaktieren Sie uns gerne! Wir werden Sie ausf\u00fchrlich und fachm\u00e4nnisch beraten.<\/p>[\/et_pb_text][et_pb_button button_url=&#8220;\/index.php\/kontakt&#8220; button_text=&#8220;Zum Kontakt&#8220; button_alignment=&#8220;center&#8220; _builder_version=&#8220;4.27.4&#8243; _module_preset=&#8220;_initial&#8220; custom_button=&#8220;on&#8220; button_text_size=&#8220;14px&#8220; button_text_color=&#8220;#FFFFFF&#8220; button_bg_color=&#8220;gcid-52e8b489-b10c-41af-b3c4-a69642f2df1f&#8220; button_border_width=&#8220;0px&#8220; button_border_radius=&#8220;10px&#8220; button_font=&#8220;Montserrat|700||on|||||&#8220; button_use_icon=&#8220;off&#8220; custom_margin=&#8220;||||false|true&#8220; custom_padding=&#8220;16px|40px|16px|40px|true|true&#8220; locked=&#8220;off&#8220; global_colors_info=&#8220;{%22gcid-52e8b489-b10c-41af-b3c4-a69642f2df1f%22:%91%22button_bg_color%22,%22button_text_color__hover%22,%22button_bg_color%22,%22button_text_color__hover%22%93,%22gcid-348de14e-e94b-4721-b757-8f708a850687%22:%91%22button_bg_color__hover%22%93}&#8220; button_bg_color__hover_enabled=&#8220;on|hover&#8220; button_bg_color__hover=&#8220;#0f3752&#8243; button_bg_enable_color__hover=&#8220;on&#8220; button_text_color__hover_enabled=&#8220;off|hover&#8220; button_text_color__hover=&#8220;#ea631b&#8220;][\/et_pb_button][\/et_pb_column][\/et_pb_row][\/et_pb_section]\n","protected":false},"excerpt":{"rendered":"<p>BehandlungskonzeptMuskelkater, Myo&shy;faszialer Schmerz, Myoazi&shy;dotischer Schmerz, Myotendini&shy;tischer SchmerzEine alte Heilmethode f\u00fcr moderne Vierbeiner.Der Muskelkater: Jeder hat ihn schon einmal erlebt und war froh, als er wieder weg war. Nach einer \u00dcberanstrengung kann der K\u00f6rper mit Muskelkater reagieren. Hier handelt es sich nicht um den, wie jahrzehntelang Gedacht, Ausschuss an Laktat (Milchs\u00e4ure). Durch Mikrol\u00e4sionen der Myofibrillen (kleinste [&hellip;]<\/p>\n","protected":false},"author":29,"featured_media":0,"parent":0,"menu_order":0,"comment_status":"closed","ping_status":"closed","template":"","meta":{"_et_pb_use_builder":"on","_et_pb_old_content":"","_et_gb_content_width":"","footnotes":""},"class_list":["post-11596","page","type-page","status-publish","hentry"],"yoast_head":"<!-- This site is optimized with the Yoast SEO plugin v25.2 - https:\/\/yoast.com\/wordpress\/plugins\/seo\/ -->\n<title>Muskelkater - C-ITRONE<\/title>\n<meta name=\"description\" content=\"C-Itrone Schr\u00f6pftherapie f\u00fcr Pferde &amp; Hunde | Christian &amp; Jacky Danner | Schr\u00f6pfger\u00e4t kaufen | Pferdetherapie | Hundetherapie | Deutschland\" \/>\n<meta name=\"robots\" content=\"index, follow, max-snippet:-1, max-image-preview:large, max-video-preview:-1\" \/>\n<link rel=\"canonical\" href=\"https:\/\/schroepfen.c-itrone.com\/index.php\/muskelkater\/\" \/>\n<meta property=\"og:locale\" content=\"de_DE\" \/>\n<meta property=\"og:type\" content=\"article\" \/>\n<meta property=\"og:title\" content=\"Muskelkater - C-ITRONE\" \/>\n<meta property=\"og:description\" content=\"C-Itrone Schr\u00f6pftherapie f\u00fcr Pferde &amp; Hunde | Christian &amp; Jacky Danner | Schr\u00f6pfger\u00e4t kaufen | Pferdetherapie | Hundetherapie | Deutschland\" \/>\n<meta property=\"og:url\" content=\"https:\/\/schroepfen.c-itrone.com\/index.php\/muskelkater\/\" \/>\n<meta property=\"og:site_name\" content=\"C-ITRONE\" \/>\n<meta property=\"article:modified_time\" content=\"2025-05-12T08:27:51+00:00\" \/>\n<meta property=\"og:image\" content=\"https:\/\/schroepfen.c-itrone.com\/wp-content\/uploads\/2025\/05\/C-TRONE-Linkbild.jpg\" \/>\n\t<meta property=\"og:image:width\" content=\"1920\" \/>\n\t<meta property=\"og:image:height\" content=\"1080\" \/>\n\t<meta property=\"og:image:type\" content=\"image\/jpeg\" \/>\n<meta name=\"twitter:card\" content=\"summary_large_image\" \/>\n<meta name=\"twitter:label1\" content=\"Gesch\u00e4tzte Lesezeit\" \/>\n\t<meta name=\"twitter:data1\" content=\"3\u00a0Minuten\" \/>\n<script type=\"application\/ld+json\" class=\"yoast-schema-graph\">{\"@context\":\"https:\/\/schema.org\",\"@graph\":[{\"@type\":\"WebPage\",\"@id\":\"https:\/\/schroepfen.c-itrone.com\/index.php\/muskelkater\/\",\"url\":\"https:\/\/schroepfen.c-itrone.com\/index.php\/muskelkater\/\",\"name\":\"Muskelkater - C-ITRONE\",\"isPartOf\":{\"@id\":\"https:\/\/schroepfen.c-itrone.com\/#website\"},\"datePublished\":\"2025-05-07T13:30:39+00:00\",\"dateModified\":\"2025-05-12T08:27:51+00:00\",\"description\":\"C-Itrone Schr\u00f6pftherapie f\u00fcr Pferde & Hunde | Christian & Jacky Danner | Schr\u00f6pfger\u00e4t kaufen | Pferdetherapie | Hundetherapie | Deutschland\",\"breadcrumb\":{\"@id\":\"https:\/\/schroepfen.c-itrone.com\/index.php\/muskelkater\/#breadcrumb\"},\"inLanguage\":\"de\",\"potentialAction\":[{\"@type\":\"ReadAction\",\"target\":[\"https:\/\/schroepfen.c-itrone.com\/index.php\/muskelkater\/\"]}]},{\"@type\":\"BreadcrumbList\",\"@id\":\"https:\/\/schroepfen.c-itrone.com\/index.php\/muskelkater\/#breadcrumb\",\"itemListElement\":[{\"@type\":\"ListItem\",\"position\":1,\"name\":\"Startseite\",\"item\":\"https:\/\/schroepfen.c-itrone.com\/\"},{\"@type\":\"ListItem\",\"position\":2,\"name\":\"Muskelkater\"}]},{\"@type\":\"WebSite\",\"@id\":\"https:\/\/schroepfen.c-itrone.com\/#website\",\"url\":\"https:\/\/schroepfen.c-itrone.com\/\",\"name\":\"C-ITRONE\",\"description\":\"Schr\u00f6pfger\u00e4t f\u00fcr Pferde und Hunde\",\"potentialAction\":[{\"@type\":\"SearchAction\",\"target\":{\"@type\":\"EntryPoint\",\"urlTemplate\":\"https:\/\/schroepfen.c-itrone.com\/?s={search_term_string}\"},\"query-input\":{\"@type\":\"PropertyValueSpecification\",\"valueRequired\":true,\"valueName\":\"search_term_string\"}}],\"inLanguage\":\"de\"}]}<\/script>\n<!-- \/ Yoast SEO plugin. -->","yoast_head_json":{"title":"Muskelkater - C-ITRONE","description":"C-Itrone Schr\u00f6pftherapie f\u00fcr Pferde & Hunde | Christian & Jacky Danner | Schr\u00f6pfger\u00e4t kaufen | Pferdetherapie | Hundetherapie | Deutschland","robots":{"index":"index","follow":"follow","max-snippet":"max-snippet:-1","max-image-preview":"max-image-preview:large","max-video-preview":"max-video-preview:-1"},"canonical":"https:\/\/schroepfen.c-itrone.com\/index.php\/muskelkater\/","og_locale":"de_DE","og_type":"article","og_title":"Muskelkater - C-ITRONE","og_description":"C-Itrone Schr\u00f6pftherapie f\u00fcr Pferde & Hunde | Christian & Jacky Danner | Schr\u00f6pfger\u00e4t kaufen | Pferdetherapie | Hundetherapie | Deutschland","og_url":"https:\/\/schroepfen.c-itrone.com\/index.php\/muskelkater\/","og_site_name":"C-ITRONE","article_modified_time":"2025-05-12T08:27:51+00:00","og_image":[{"width":1920,"height":1080,"url":"https:\/\/schroepfen.c-itrone.com\/wp-content\/uploads\/2025\/05\/C-TRONE-Linkbild.jpg","type":"image\/jpeg"}],"twitter_card":"summary_large_image","twitter_misc":{"Gesch\u00e4tzte Lesezeit":"3\u00a0Minuten"},"schema":{"@context":"https:\/\/schema.org","@graph":[{"@type":"WebPage","@id":"https:\/\/schroepfen.c-itrone.com\/index.php\/muskelkater\/","url":"https:\/\/schroepfen.c-itrone.com\/index.php\/muskelkater\/","name":"Muskelkater - C-ITRONE","isPartOf":{"@id":"https:\/\/schroepfen.c-itrone.com\/#website"},"datePublished":"2025-05-07T13:30:39+00:00","dateModified":"2025-05-12T08:27:51+00:00","description":"C-Itrone Schr\u00f6pftherapie f\u00fcr Pferde & Hunde | Christian & Jacky Danner | Schr\u00f6pfger\u00e4t kaufen | Pferdetherapie | Hundetherapie | Deutschland","breadcrumb":{"@id":"https:\/\/schroepfen.c-itrone.com\/index.php\/muskelkater\/#breadcrumb"},"inLanguage":"de","potentialAction":[{"@type":"ReadAction","target":["https:\/\/schroepfen.c-itrone.com\/index.php\/muskelkater\/"]}]},{"@type":"BreadcrumbList","@id":"https:\/\/schroepfen.c-itrone.com\/index.php\/muskelkater\/#breadcrumb","itemListElement":[{"@type":"ListItem","position":1,"name":"Startseite","item":"https:\/\/schroepfen.c-itrone.com\/"},{"@type":"ListItem","position":2,"name":"Muskelkater"}]},{"@type":"WebSite","@id":"https:\/\/schroepfen.c-itrone.com\/#website","url":"https:\/\/schroepfen.c-itrone.com\/","name":"C-ITRONE","description":"Schr\u00f6pfger\u00e4t f\u00fcr Pferde und Hunde","potentialAction":[{"@type":"SearchAction","target":{"@type":"EntryPoint","urlTemplate":"https:\/\/schroepfen.c-itrone.com\/?s={search_term_string}"},"query-input":{"@type":"PropertyValueSpecification","valueRequired":true,"valueName":"search_term_string"}}],"inLanguage":"de"}]}},"_links":{"self":[{"href":"https:\/\/schroepfen.c-itrone.com\/index.php\/wp-json\/wp\/v2\/pages\/11596","targetHints":{"allow":["GET"]}}],"collection":[{"href":"https:\/\/schroepfen.c-itrone.com\/index.php\/wp-json\/wp\/v2\/pages"}],"about":[{"href":"https:\/\/schroepfen.c-itrone.com\/index.php\/wp-json\/wp\/v2\/types\/page"}],"author":[{"embeddable":true,"href":"https:\/\/schroepfen.c-itrone.com\/index.php\/wp-json\/wp\/v2\/users\/29"}],"replies":[{"embeddable":true,"href":"https:\/\/schroepfen.c-itrone.com\/index.php\/wp-json\/wp\/v2\/comments?post=11596"}],"version-history":[{"count":6,"href":"https:\/\/schroepfen.c-itrone.com\/index.php\/wp-json\/wp\/v2\/pages\/11596\/revisions"}],"predecessor-version":[{"id":11943,"href":"https:\/\/schroepfen.c-itrone.com\/index.php\/wp-json\/wp\/v2\/pages\/11596\/revisions\/11943"}],"wp:attachment":[{"href":"https:\/\/schroepfen.c-itrone.com\/index.php\/wp-json\/wp\/v2\/media?parent=11596"}],"curies":[{"name":"wp","href":"https:\/\/api.w.org\/{rel}","templated":true}]}}